{"id":10,"date":"2023-12-04T15:02:37","date_gmt":"2023-12-04T15:02:37","guid":{"rendered":"https:\/\/danetech.dk\/?page_id=10"},"modified":"2025-11-16T10:17:27","modified_gmt":"2025-11-16T10:17:27","slug":"hjem","status":"publish","type":"page","link":"https:\/\/danetech.dk\/","title":{"rendered":"Om Danetech"},"content":{"rendered":"\n<p><strong>Danetech er hovedselskabet for f\u00f8lgende forretningsomr\u00e5der siden 1999 <\/strong><\/p>\n\n\n\n<ul class=\"wp-block-list\">\n<li><a href=\"http:\/\/innosites.dk\/\" target=\"_blank\" rel=\"noreferrer noopener\">Innosites.dk<\/a>&nbsp;1\/11 2020 overdraget til Daniel M\u00f8ller<br>DT trading CVR \u00b7 41089709<br>Hjemmesider, webshops, digital markedsf\u00f8ring<br><br><\/li>\n\n\n\n<li><a href=\"http:\/\/herningdatacenter.dk\/\" target=\"_blank\" rel=\"noreferrer noopener\">Herningdatacenter.dk<\/a> <br>Dataredning, fjernsupport, sikkerhed<br><br><\/li>\n\n\n\n<li><a href=\"http:\/\/bambusimport.dk\/\" target=\"_blank\" rel=\"noreferrer noopener\">Bambusimport.dk<\/a> <br>Import og salg af bambusr\u00f8r, engros, erhverv og private<br>Afviklet og inaktiv dom\u00e6ne. ( Kan ses p\u00e5 way back machine)<br><a href=\"https:\/\/web.archive.org\/web\/20121202012947\/http:\/\/bambusimport.dk\/\" target=\"_blank\" rel=\"noreferrer noopener\">https:\/\/web.archive.org\/web\/20121202012947\/http:\/\/bambusimport.dk\/<\/a><a href=\"https:\/\/web.archive.org\/web\/20121202012947\/http:\/\/bambusimport.dk\/ \"> <\/a><br><br><\/li>\n\n\n\n<li><a href=\"http:\/\/kajaksalg.dk\/\" target=\"_blank\" rel=\"noreferrer noopener\">Kajaksalg.dk\u00a0<\/a>\u00a0 afviklet og overdraget til fritidskajakker.dk<br><br><\/li>\n\n\n\n<li><a href=\"http:\/\/biofyr.dk\/\" target=\"_blank\" rel=\"noreferrer noopener\">Biofyr.dk<\/a>&nbsp;afviklet og overdraget til Biostoker.dk<br>Salg tr\u00e6piller, br\u00e6ndsel og fyringsanl\u00e6g<br><br><strong>Danetech er fra 12\/1 2024 overdraget til DT trading CVR \u00b7 41 08 97 09<\/strong><\/li>\n<\/ul>\n\n\n\n<figure class=\"wp-block-gallery has-nested-images columns-default is-cropped wp-block-gallery-1 is-layout-flex wp-block-gallery-is-layout-flex\">\n<figure class=\"wp-block-image size-full\"><img loading=\"lazy\" decoding=\"async\" width=\"929\" height=\"458\" data-id=\"77\" src=\"https:\/\/danetech.dk\/wp-content\/uploads\/2023\/12\/danetech-2-1.jpg\" alt=\"\" class=\"wp-image-77\" srcset=\"https:\/\/danetech.dk\/wp-content\/uploads\/2023\/12\/danetech-2-1.jpg 929w, https:\/\/danetech.dk\/wp-content\/uploads\/2023\/12\/danetech-2-1-300x148.jpg 300w, https:\/\/danetech.dk\/wp-content\/uploads\/2023\/12\/danetech-2-1-768x379.jpg 768w\" sizes=\"auto, (max-width: 929px) 100vw, 929px\" \/><\/figure>\n<\/figure>\n\n\n\n<p><strong>1\/11 2020: Innosites overg\u00e5r til ny ejer<\/strong><\/p>\n\n\n\n<p>Som en del af et generationsskifte overdrages dom\u00e6net Innosites.dk til ny ejer.<\/p>\n\n\n\n<p>Danetech overlader hele ejerskabet af websitet til DT Trading, der under ledelse af virksomhedsejer Daniel Thor\u00f8 M\u00f8ller vil sikre en god fremtid for virksomheden.<\/p>\n\n\n\n<p>Selvom dom\u00e6net Innosites.dk overdrages til DT Trading, forts\u00e6tter Danetech sit samarbejde med faste, nuv\u00e6rende kunder. B\u00e5de service og IT-ydelser vil v\u00e6re de samme som hidtil.<\/p>\n\n\n\n<p>Generationsskiftet tr\u00e6der i kraft 1. november 2020.<br><br>Kontakt<\/p>\n\n\n\n<p><strong>Danetech<\/strong><br>v. Flemming M\u00f8ller<br>Birkelunden 42<br>7400 Herning<\/p>\n\n\n\n<p>tlf 2689 3300<br><a href=\"mailto:Danetech.dk@gmail.com\">Danetech.dk@gmail.com<\/a><br><a href=\"https:\/\/www.linkedin.com\/in\/flemming-m%C3%B8ller-b41a06a\/\">Linkedin <\/a><\/p>\n\n\n\n<p><\/p>\n\n\n\n<p><\/p>\n\n\n\n<p><\/p>\n","protected":false},"excerpt":{"rendered":"<p>Danetech er hovedselskabet for f\u00f8lgende forretningsomr\u00e5der siden 1999 1\/11 2020: Innosites overg\u00e5r til ny ejer Som en del af et generationsskifte overdrages dom\u00e6net Innosites.dk til ny ejer. Danetech overlader hele ejerskabet af websitet til DT Trading, der under ledelse af virksomhedsejer Daniel Thor\u00f8 M\u00f8ller vil sikre en god fremtid for virksomheden. Selvom dom\u00e6net Innosites.dk overdrages [&hellip;]<\/p>\n","protected":false},"author":1,"featured_media":0,"parent":0,"menu_order":0,"comment_status":"closed","ping_status":"closed","template":"","meta":{"footnotes":""},"class_list":["post-10","page","type-page","status-publish","hentry"],"yoast_head":"<!-- This site is optimized with the Yoast SEO plugin v26.3 - https:\/\/yoast.com\/wordpress\/plugins\/seo\/ -->\n<title>Om Danetech - Handels- og IT selskabet Danetech<\/title>\n<meta name=\"robots\" content=\"index, follow, max-snippet:-1, max-image-preview:large, max-video-preview:-1\" \/>\n<link rel=\"canonical\" href=\"https:\/\/danetech.dk\/\" \/>\n<meta property=\"og:locale\" content=\"da_DK\" \/>\n<meta property=\"og:type\" content=\"article\" \/>\n<meta property=\"og:title\" content=\"Om Danetech - Handels- og IT selskabet Danetech\" \/>\n<meta property=\"og:description\" content=\"Danetech er hovedselskabet for f\u00f8lgende forretningsomr\u00e5der siden 1999 1\/11 2020: Innosites overg\u00e5r til ny ejer Som en del af et generationsskifte overdrages dom\u00e6net Innosites.dk til ny ejer. Danetech overlader hele ejerskabet af websitet til DT Trading, der under ledelse af virksomhedsejer Daniel Thor\u00f8 M\u00f8ller vil sikre en god fremtid for virksomheden. Selvom dom\u00e6net Innosites.dk overdrages [&hellip;]\" \/>\n<meta property=\"og:url\" content=\"https:\/\/danetech.dk\/\" \/>\n<meta property=\"og:site_name\" content=\"Handels- og IT selskabet Danetech\" \/>\n<meta property=\"article:modified_time\" content=\"2025-11-16T10:17:27+00:00\" \/>\n<meta property=\"og:image\" content=\"https:\/\/danetech.dk\/wp-content\/uploads\/2023\/12\/danetech-2-1.jpg\" \/>\n\t<meta property=\"og:image:width\" content=\"929\" \/>\n\t<meta property=\"og:image:height\" content=\"458\" \/>\n\t<meta property=\"og:image:type\" content=\"image\/jpeg\" \/>\n<meta name=\"twitter:card\" content=\"summary_large_image\" \/>\n<meta name=\"twitter:label1\" content=\"Estimeret l\u00e6setid\" \/>\n\t<meta name=\"twitter:data1\" content=\"2 minutter\" \/>\n<script type=\"application\/ld+json\" class=\"yoast-schema-graph\">{\"@context\":\"https:\/\/schema.org\",\"@graph\":[{\"@type\":\"WebPage\",\"@id\":\"https:\/\/danetech.dk\/\",\"url\":\"https:\/\/danetech.dk\/\",\"name\":\"Om Danetech - Handels- og IT selskabet Danetech\",\"isPartOf\":{\"@id\":\"https:\/\/danetech.dk\/#website\"},\"primaryImageOfPage\":{\"@id\":\"https:\/\/danetech.dk\/#primaryimage\"},\"image\":{\"@id\":\"https:\/\/danetech.dk\/#primaryimage\"},\"thumbnailUrl\":\"https:\/\/danetech.dk\/wp-content\/uploads\/2023\/12\/danetech-2-1.jpg\",\"datePublished\":\"2023-12-04T15:02:37+00:00\",\"dateModified\":\"2025-11-16T10:17:27+00:00\",\"breadcrumb\":{\"@id\":\"https:\/\/danetech.dk\/#breadcrumb\"},\"inLanguage\":\"da-DK\",\"potentialAction\":[{\"@type\":\"ReadAction\",\"target\":[\"https:\/\/danetech.dk\/\"]}]},{\"@type\":\"ImageObject\",\"inLanguage\":\"da-DK\",\"@id\":\"https:\/\/danetech.dk\/#primaryimage\",\"url\":\"https:\/\/danetech.dk\/wp-content\/uploads\/2023\/12\/danetech-2-1.jpg\",\"contentUrl\":\"https:\/\/danetech.dk\/wp-content\/uploads\/2023\/12\/danetech-2-1.jpg\",\"width\":929,\"height\":458},{\"@type\":\"BreadcrumbList\",\"@id\":\"https:\/\/danetech.dk\/#breadcrumb\",\"itemListElement\":[{\"@type\":\"ListItem\",\"position\":1,\"name\":\"Hjem\",\"item\":\"https:\/\/danetech.dk\/\"},{\"@type\":\"ListItem\",\"position\":2,\"name\":\"Om Danetech\"}]},{\"@type\":\"WebSite\",\"@id\":\"https:\/\/danetech.dk\/#website\",\"url\":\"https:\/\/danetech.dk\/\",\"name\":\"Handels- og IT selskabet Danetech\",\"description\":\"\",\"potentialAction\":[{\"@type\":\"SearchAction\",\"target\":{\"@type\":\"EntryPoint\",\"urlTemplate\":\"https:\/\/danetech.dk\/?s={search_term_string}\"},\"query-input\":{\"@type\":\"PropertyValueSpecification\",\"valueRequired\":true,\"valueName\":\"search_term_string\"}}],\"inLanguage\":\"da-DK\"}]}<\/script>\n<!-- \/ Yoast SEO plugin. -->","yoast_head_json":{"title":"Om Danetech - Handels- og IT selskabet Danetech","robots":{"index":"index","follow":"follow","max-snippet":"max-snippet:-1","max-image-preview":"max-image-preview:large","max-video-preview":"max-video-preview:-1"},"canonical":"https:\/\/danetech.dk\/","og_locale":"da_DK","og_type":"article","og_title":"Om Danetech - Handels- og IT selskabet Danetech","og_description":"Danetech er hovedselskabet for f\u00f8lgende forretningsomr\u00e5der siden 1999 1\/11 2020: Innosites overg\u00e5r til ny ejer Som en del af et generationsskifte overdrages dom\u00e6net Innosites.dk til ny ejer. Danetech overlader hele ejerskabet af websitet til DT Trading, der under ledelse af virksomhedsejer Daniel Thor\u00f8 M\u00f8ller vil sikre en god fremtid for virksomheden. Selvom dom\u00e6net Innosites.dk overdrages [&hellip;]","og_url":"https:\/\/danetech.dk\/","og_site_name":"Handels- og IT selskabet Danetech","article_modified_time":"2025-11-16T10:17:27+00:00","og_image":[{"width":929,"height":458,"url":"https:\/\/danetech.dk\/wp-content\/uploads\/2023\/12\/danetech-2-1.jpg","type":"image\/jpeg"}],"twitter_card":"summary_large_image","twitter_misc":{"Estimeret l\u00e6setid":"2 minutter"},"schema":{"@context":"https:\/\/schema.org","@graph":[{"@type":"WebPage","@id":"https:\/\/danetech.dk\/","url":"https:\/\/danetech.dk\/","name":"Om Danetech - Handels- og IT selskabet Danetech","isPartOf":{"@id":"https:\/\/danetech.dk\/#website"},"primaryImageOfPage":{"@id":"https:\/\/danetech.dk\/#primaryimage"},"image":{"@id":"https:\/\/danetech.dk\/#primaryimage"},"thumbnailUrl":"https:\/\/danetech.dk\/wp-content\/uploads\/2023\/12\/danetech-2-1.jpg","datePublished":"2023-12-04T15:02:37+00:00","dateModified":"2025-11-16T10:17:27+00:00","breadcrumb":{"@id":"https:\/\/danetech.dk\/#breadcrumb"},"inLanguage":"da-DK","potentialAction":[{"@type":"ReadAction","target":["https:\/\/danetech.dk\/"]}]},{"@type":"ImageObject","inLanguage":"da-DK","@id":"https:\/\/danetech.dk\/#primaryimage","url":"https:\/\/danetech.dk\/wp-content\/uploads\/2023\/12\/danetech-2-1.jpg","contentUrl":"https:\/\/danetech.dk\/wp-content\/uploads\/2023\/12\/danetech-2-1.jpg","width":929,"height":458},{"@type":"BreadcrumbList","@id":"https:\/\/danetech.dk\/#breadcrumb","itemListElement":[{"@type":"ListItem","position":1,"name":"Hjem","item":"https:\/\/danetech.dk\/"},{"@type":"ListItem","position":2,"name":"Om Danetech"}]},{"@type":"WebSite","@id":"https:\/\/danetech.dk\/#website","url":"https:\/\/danetech.dk\/","name":"Handels- og IT selskabet Danetech","description":"","potentialAction":[{"@type":"SearchAction","target":{"@type":"EntryPoint","urlTemplate":"https:\/\/danetech.dk\/?s={search_term_string}"},"query-input":{"@type":"PropertyValueSpecification","valueRequired":true,"valueName":"search_term_string"}}],"inLanguage":"da-DK"}]}},"_links":{"self":[{"href":"https:\/\/danetech.dk\/index.php?rest_route=\/wp\/v2\/pages\/10","targetHints":{"allow":["GET"]}}],"collection":[{"href":"https:\/\/danetech.dk\/index.php?rest_route=\/wp\/v2\/pages"}],"about":[{"href":"https:\/\/danetech.dk\/index.php?rest_route=\/wp\/v2\/types\/page"}],"author":[{"embeddable":true,"href":"https:\/\/danetech.dk\/index.php?rest_route=\/wp\/v2\/users\/1"}],"replies":[{"embeddable":true,"href":"https:\/\/danetech.dk\/index.php?rest_route=%2Fwp%2Fv2%2Fcomments&post=10"}],"version-history":[{"count":27,"href":"https:\/\/danetech.dk\/index.php?rest_route=\/wp\/v2\/pages\/10\/revisions"}],"predecessor-version":[{"id":101,"href":"https:\/\/danetech.dk\/index.php?rest_route=\/wp\/v2\/pages\/10\/revisions\/101"}],"wp:attachment":[{"href":"https:\/\/danetech.dk\/index.php?rest_route=%2Fwp%2Fv2%2Fmedia&parent=10"}],"curies":[{"name":"wp","href":"https:\/\/api.w.org\/{rel}","templated":true}]}}